{"id":44,"date":"2022-11-19T15:51:24","date_gmt":"2022-11-19T15:51:24","guid":{"rendered":"https:\/\/gesang-zu-jedem-anlass.de\/?page_id=44"},"modified":"2022-11-19T15:51:24","modified_gmt":"2022-11-19T15:51:24","slug":"impressum","status":"publish","type":"page","link":"https:\/\/gesang-zu-jedem-anlass.de\/?page_id=44","title":{"rendered":"Impressum"},"content":{"rendered":"<h1>Impressum<\/h1>\n<h2>Angaben gem\u00e4\u00df \u00a7 5 TMG<\/h2>\n<p>Melanie Thieke<br \/>\nHauptstra\u00dfe 78<br \/>\n38312 B\u00f6r\u00dfum<\/p>\n<h2>Kontakt<\/h2>\n<p>Telefon: +49 0178 2863263<br \/>\nE-Mail: gesangzujedemanlass@web.de<\/p>\n<h2>Verbraucher\u00adstreit\u00adbeilegung\/Universal\u00adschlichtungs\u00adstelle<\/h2>\n<p>Wir sind nicht bereit oder verpflichtet, an Streitbeilegungsverfahren vor einer Verbraucherschlichtungsstelle teilzunehmen.<\/p>\n<p>Quelle: <a href=\"https:\/\/www.e-recht24.de\">eRecht24<\/a><\/p>\n","protected":false},"excerpt":{"rendered":"<p>Impressum Angaben gem\u00e4\u00df \u00a7 5 TMG Melanie Thieke Hauptstra\u00dfe 78 38312 B\u00f6r\u00dfum Kontakt Telefon: +49 0178 2863263 E-Mail: gesangzujedemanlass@web.de Verbraucher\u00adstreit\u00adbeilegung\/Universal\u00adschlichtungs\u00adstelle Wir sind nicht bereit oder verpflichtet, an Streitbeilegungsverfahren vor einer Verbraucherschlichtungsstelle teilzunehmen. Quelle: eRecht24<\/p>\n","protected":false},"author":2,"featured_media":0,"parent":0,"menu_order":0,"comment_status":"closed","ping_status":"closed","template":"","meta":[],"_links":{"self":[{"href":"https:\/\/gesang-zu-jedem-anlass.de\/index.php?rest_route=\/wp\/v2\/pages\/44"}],"collection":[{"href":"https:\/\/gesang-zu-jedem-anlass.de\/index.php?rest_route=\/wp\/v2\/pages"}],"about":[{"href":"https:\/\/gesang-zu-jedem-anlass.de\/index.php?rest_route=\/wp\/v2\/types\/page"}],"author":[{"embeddable":true,"href":"https:\/\/gesang-zu-jedem-anlass.de\/index.php?rest_route=\/wp\/v2\/users\/2"}],"replies":[{"embeddable":true,"href":"https:\/\/gesang-zu-jedem-anlass.de\/index.php?rest_route=%2Fwp%2Fv2%2Fcomments&post=44"}],"version-history":[{"count":1,"href":"https:\/\/gesang-zu-jedem-anlass.de\/index.php?rest_route=\/wp\/v2\/pages\/44\/revisions"}],"predecessor-version":[{"id":45,"href":"https:\/\/gesang-zu-jedem-anlass.de\/index.php?rest_route=\/wp\/v2\/pages\/44\/revisions\/45"}],"wp:attachment":[{"href":"https:\/\/gesang-zu-jedem-anlass.de\/index.php?rest_route=%2Fwp%2Fv2%2Fmedia&parent=44"}],"curies":[{"name":"wp","href":"https:\/\/api.w.org\/{rel}","templated":true}]}}