{"id":35,"date":"2019-02-08T09:51:30","date_gmt":"2019-02-08T09:51:30","guid":{"rendered":"http:\/\/gesang-zu-jedem-anlass.de\/?page_id=35"},"modified":"2019-02-08T09:51:30","modified_gmt":"2019-02-08T09:51:30","slug":"vita","status":"publish","type":"page","link":"https:\/\/gesang-zu-jedem-anlass.de\/?page_id=35","title":{"rendered":"Vita"},"content":{"rendered":"<p>Pers\u00f6nliches:<\/p>\n<p>Name:\tMelanie Thieke<br \/>\nGeburtstdatum:\t1979 in Wolfenb\u00fcttel<br \/>\nStaatsangeh\u00f6rigkeit:\tDeutsch<br \/>\nGr\u00f6\u00dfe:\t169 cm<br \/>\nFigur:\tMollig \/Kr\u00e4ftig<br \/>\nSpielalter:\tab 20 Jahren<br \/>\nStimmfach:\tLyrischer Sopran (Stimmumfang 3,5 Oktaven)<br \/>\nTelefon:\t0178\/ 286 32 63<br \/>\nEmail:\tinfo@gesang-zu-jedem-anlass.de<br \/>\nSprachen:\tDeutsch, Englisch<\/p>\n<p>Tanz:<br \/>\n2001 \u2013 2002\tKlassischer Ballettunterricht bei A. Waleswki Wolfenb\u00fcttel<br \/>\n2002 \u2013 2003\tAusbildung im Stepptanz American Style bei A. Walewski Wolfenb\u00fcttel<br \/>\n2004 \u2013 2007\tAusbildung im Irish Tap Dance in der Irish Harp School Wolfenb\u00fcttel bei Sean Carmody (mit diversen Auftritten)<br \/>\nGesang:<br \/>\n1998 \u2013 2001\tKlassische Gesangsausbildung, Staatstheater Braunschweig bei Karl Hein<br \/>\n2003 \u2013 2006\tGesangsausbildung im Fach Musical, Staatstheater Braunschweig, bei Marcellus Mauch<br \/>\nSchauspiel:<br \/>\n1998 \u2013 2007\tTeilnahme an diversen Workshops (Schwerpunkt:Impro und Tanz)<\/p>\n<p>Zirkus:<br \/>\n1995 \u2013 2007\tTeilnahme an diversen Workshops (Schwerpunkte: Jonglage, Akrobatik, Feuer)<br \/>\nEngagments:<br \/>\n2018    Musical Night Thale (mit Thomas Borchert)<br \/>\n2017    Musical Night Thale<br \/>\n2015\tRobin Hood das Musical \u2013 Lady Isabelle\tBergtheater&nbsp; Thale \u2013 Regie: Ronny Gro\u00dfe<\/p>\n<p>2014\tDracula das Grusical \u2013 Mrs Hawkins die Maklerin von Graf Dracula\tBergtheater&nbsp; Thale \u2013 Regie: Ronny Gro\u00dfe<\/p>\n<p>2012\tDracula das Grusical \u2013 Mrs Hawkins die Maklerin von Graf Dracula\tBergtheater&nbsp; Thale \u2013 Regie: Ronny Gro\u00dfe<\/p>\n<p>seit 2007\tParadogs (Neofolkband)<br \/>\nS\u00e4ngerin, Gitarre, Percussion\tWolfenb\u00fcttel<\/p>\n<p>2007\tCats &#8211; Grizabella\tWolfenb\u00fcttel \u2013 Regie: Melanie Thieke<\/p>\n<p>2004\tElisabeth&nbsp;&#8211; Erzherzogin Sophie, Chor\tWolfenb\u00fcttel \u2013 Regie: Melanie Thieke<\/p>\n<p>Seit 2002\tSolos\u00e4ngerin auf Hochzeiten, Firmenevents, Jubil\u00e4en, Trauerfeiern<\/p>\n<p>2002 \u2013 2003\tCarmen(Oper) S\u00e4ngerin im Extrachor\tStaatstheaters Braunschweig &#8211;&nbsp;Leitung: Georg Menskes<\/p>\n<p>2002\tMozart meets Hyde (Musicalmix) &#8211;&nbsp; Baronin v. Waldst\u00e4tten, Kim, Chor\tWolfenb\u00fcttel \u2013 Regie: Melanie Thieke<\/p>\n<p>2002\tDie Physiker \u2013 Schwester Monika Stettler\tWolfenb\u00fcttel &#8211;&nbsp; Regie: Berit Voges<\/p>\n<p>2001\tLes Mis\u00e9rables \u2013 Fantine, Chor\tWolfenb\u00fcttel \u2013 &nbsp; Regie: Angelika Uminski<\/p>\n<p>2000\tLakaien \u2013 Sektenanh\u00e4ngerin\tSchultheater Braunschweig \u2013 Regie: Timm Steinwachs<\/p>\n<p>2000\tEine Weihnachtsgeschichte (selbst geschrieben) Tour durch diverse Kindertagesst\u00e4tten\tSchultheater Braunschweig \u2013 Regie: Melanie Thieke<\/p>\n<p>1999\tSpace Dream \u2013 Sira, Chor\tWolfenb\u00fcttel \u2013 Regie: Ingrid Westerhold<\/p>\n<p>1999\tMomo \u2013 1.Grauer Herr, Liliana\tWolfenb\u00fcttel \u2013 Regie: Ingrid Westerhold<\/p>\n<p>1998\tDer Breakfast-ClubSch\u00fclerin, \u00d6ko-Tussi\tSchultheater Braunschweig \u2013 Regie: Tim Steinwachs<\/p>\n<p>1998 \u2013 2002\tSolos\u00e4ngerin des Gospelchores\tSt. Trinitatis Wolfenb\u00fcttel<\/p>\n<p>1997\tJoseph and the amazing Technicolor Dreamcoat \u2013 Asher, S\u00e4ngerin, T\u00e4nzerin\tWolfenb\u00fcttel \u2013 Regie: Ingrid Westerhold<br \/>\n&nbsp;Sonstiges:<br \/>\n2014\tSolo Weihnachtskonzerte in Wolfenb\u00fcttel, Blankenburg und Salzgitter mit<br \/>\nVer\u00f6ffentlichung 1. Weihnachts CD<br \/>\n2014\tGemeinsamer Auftritt mit MTV Blasorchester, 44. Herbstkonzert<br \/>\n2014\tEr\u00f6ffnung der Cheertrophy Wolfenb\u00fcttel<br \/>\n2007 &#8211; 2014\tDiverse Aufnahmen und Auftritte mit Paradogs<br \/>\n2006 \u2013 2007\tMitglied der Konopka and Friends Company Braunschweig mit diversen Auftritten in Braunschweig<br \/>\n2006\tLiveauftritt im Zirkuszelt \u201eM\u00e9 live on Stage\u201c Ein Abend rundums Musical<br \/>\n2003\tBackgroundgesang f\u00fcr das Duo Night\u00b4n Day aus Wolfenb\u00fcttel<\/p>\n","protected":false},"excerpt":{"rendered":"<p>Pers\u00f6nliches: Name: Melanie Thieke Geburtstdatum: 1979 in Wolfenb\u00fcttel Staatsangeh\u00f6rigkeit: Deutsch Gr\u00f6\u00dfe: 169 cm Figur: Mollig \/Kr\u00e4ftig Spielalter: ab 20 Jahren Stimmfach: Lyrischer Sopran (Stimmumfang 3,5 Oktaven) Telefon: 0178\/ 286 32 63 Email: info@gesang-zu-jedem-anlass.de Sprachen: Deutsch, Englisch Tanz: 2001 \u2013 2002 Klassischer Ballettunterricht bei A. Waleswki Wolfenb\u00fcttel 2002 \u2013 2003 Ausbildung im Stepptanz American Style bei [&hellip;]<\/p>\n","protected":false},"author":1,"featured_media":0,"parent":0,"menu_order":0,"comment_status":"closed","ping_status":"closed","template":"","meta":[],"_links":{"self":[{"href":"https:\/\/gesang-zu-jedem-anlass.de\/index.php?rest_route=\/wp\/v2\/pages\/35"}],"collection":[{"href":"https:\/\/gesang-zu-jedem-anlass.de\/index.php?rest_route=\/wp\/v2\/pages"}],"about":[{"href":"https:\/\/gesang-zu-jedem-anlass.de\/index.php?rest_route=\/wp\/v2\/types\/page"}],"author":[{"embeddable":true,"href":"https:\/\/gesang-zu-jedem-anlass.de\/index.php?rest_route=\/wp\/v2\/users\/1"}],"replies":[{"embeddable":true,"href":"https:\/\/gesang-zu-jedem-anlass.de\/index.php?rest_route=%2Fwp%2Fv2%2Fcomments&post=35"}],"version-history":[{"count":1,"href":"https:\/\/gesang-zu-jedem-anlass.de\/index.php?rest_route=\/wp\/v2\/pages\/35\/revisions"}],"predecessor-version":[{"id":36,"href":"https:\/\/gesang-zu-jedem-anlass.de\/index.php?rest_route=\/wp\/v2\/pages\/35\/revisions\/36"}],"wp:attachment":[{"href":"https:\/\/gesang-zu-jedem-anlass.de\/index.php?rest_route=%2Fwp%2Fv2%2Fmedia&parent=35"}],"curies":[{"name":"wp","href":"https:\/\/api.w.org\/{rel}","templated":true}]}}