{"id":33,"date":"2019-02-08T09:48:41","date_gmt":"2019-02-08T09:48:41","guid":{"rendered":"http:\/\/gesang-zu-jedem-anlass.de\/?page_id=33"},"modified":"2019-02-08T09:48:41","modified_gmt":"2019-02-08T09:48:41","slug":"pressestimmen","status":"publish","type":"page","link":"https:\/\/gesang-zu-jedem-anlass.de\/?page_id=33","title":{"rendered":"Pressestimmen"},"content":{"rendered":"<p>Herbstkonzert des MTV Blasorchester:<br \/>\n\u201eDa hatte S\u00e4ngerin Melanie Thieke mit gro\u00dfartiger Stimme Jennifer Rush\u2019s Superhit \u201ePower of Love\u201c interpretiert.\u201c<br \/>\n\u201eIm letzten Teil zeigte Thieke zusammen mit dem Orchester eine weitere Kostprobe ihrer Sangeskunst. Bette Middlers \u201eThe Rose\u201c war in der Kombination ein tolles Erlebnis. F\u00fcr das Konzert gab es vom Publikum gro\u00dfen Beifall.\u201c<br \/>\nBraunschweiger Zeitung 16.11.2014<br \/>\nHerbstkonzert des MTV Blasorchester:<br \/>\n\u201eBegeistert war das Publikum vom Auftritt von \u201eM\u00e9\u201c \u2013 Melanie Thieke mit den Titeln \u201eThe Power of Love\u201c von Jennifer Rush und \u201eThe Rose\u201c<br \/>\nMTV Blasorchester Wolfenb\u00fcttel HP<br \/>\nDracula das Grusical 2014:<br \/>\n\u201e&#8230;&nbsp;die resolute Maklerin Mrs. Hawkins (Melanie Thieke), die erneut ihre starke Stimme unter Beweis stellt\u201c<br \/>\nMitteldeutsche Zeitung 14.7.2014<br \/>\nDracula das Grusical 2014:<br \/>\n\u201e&#8230;sind wieder dabei, auch die stimmgewaltige Melanie Thieke als Mrs. Hawkins d\u00fcrfte wieder das Publikum begeistern\u201c<br \/>\nVolksstimme 09.07.2014<br \/>\nDracula das Grusical 2014:<br \/>\n\u201e&#8230;und Melanie Thieke sowie Tino Jung brillieren als M\u00f6chtegern-Gr\u00e4fin-Maklerin Mrs. Hawkins und irrer Dr. Sewart.\u201c<br \/>\nVolksstimme Juli 2014<\/p>\n<p>Erste offene B\u00fchne in Blankenburg<br \/>\n\u201e&#8230;.damit Melanie Thieke den K\u00fcnstler oder die Gruppe entsprechend anmoderieren kann. &#8222;Das macht sie wunderbar&#8220;, zollen ihr Nickell und Golla f\u00fcr den ersten Abend ein gro\u00dfes Kompliment\u201c<br \/>\nVolksstimme 25.10.2012<br \/>\nDracula das Grusical 2012:<br \/>\n\u201eWie viel Freizeit und Leidenschaft die Wolfenb\u00fcttelerin Melanie Thieke seit 16 Jahren ins Theaterspiel investiert, dringt bis in die letzte Zuschauerreihe vor: Ihre Mrs. Hawkins ist schrullig, herrisch &#8211; und doch freut sich das Publikum stets aufs Neue, sie zu sehen\u201c<br \/>\nMitteldeutsche Zeitung 09.07.2012<br \/>\nDracula das Grusical 2012:<br \/>\n\u201e..aber einige haben absolute Profi-F\u00e4higkeiten, zum Beispiel die affektierte Immobilienunternehmerin Mrs. Hawkins, gespielt von Melanie Thieke\u201c<br \/>\nVolksstimme Halberstadt<br \/>\nOffene B\u00fchne F\u00fcmmelse<br \/>\n\u201e&#8230;die, als professionell zu bezeichnende Musicals\u00e4ngerin Melanie \u201cM\u00e9\u201d Thieke\u201c<br \/>\nWolfenb\u00fcttel Heute 02.06.2012<br \/>\nOffene B\u00fchne Wolfenb\u00fcttel:<br \/>\n\u201eModeriert wurde der Abend von Melanie Thieke, die zwischendurch immer wieder selbst Kostproben ihres K\u00f6nnens als Musicals\u00e4ngerin zeigte und mit St\u00fccken aus Cabaret ihre Moderationen begleitete\u201c<br \/>\nBraunschweiger Zeitung 14.05.2012<br \/>\nOffene B\u00fchne Wolfenb\u00fcttel<br \/>\n\u201eModeratorin Melanie \u201cM\u00e9\u201d Thieke, die zwischen den Auftritten immer wieder selbst positiv gesanglich auffiel\u201c<br \/>\nWolfenb\u00fcttel Heute 12.04.2012<\/p>\n<p>10 J\u00e4hriges Bestehen der Freiwilligen Agentur Wolfenb\u00fcttel:<br \/>\n\u201eDas Unterhaltungsprogramm bestritten Melanie Thieke und Dominik Becker mit eindrucksvollen Gesangseinlagen\u201c<br \/>\nBraunschweiger Zeitung 26.02.2007<br \/>\nWolfsburg Open<br \/>\n\u201eDie Wolfenb\u00fcttlerein Melanie Thieke sang bekannte Musicalsongs und \u00fcberzeugte mit Stimmgewalt\u201c<br \/>\nWolfsburger Kurier 21.09.2005<br \/>\nF\u00f6rderpreis Gewinnerin:<br \/>\n\u201eMelanie Thieke und Hannah-Mareike Batzilla mit dem ersten F\u00f6rderpreis in H\u00f6he von 2000&nbsp;Euro. Die beiden jungen Frauen haben sich der selbst\u00e4ndigen Erarbeitung und Organisation von Musical-Veranstaltungen mit einem Team von jugendlichen Mitwirkenden in der St.-Thomas-Kirchengemeinde in Wolfenb\u00fcttel in ihrer Freizeit verschrieben\u201c<br \/>\nBraunschweiger Zeitung 28.06.2005<\/p>\n","protected":false},"excerpt":{"rendered":"<p>Herbstkonzert des MTV Blasorchester: \u201eDa hatte S\u00e4ngerin Melanie Thieke mit gro\u00dfartiger Stimme Jennifer Rush\u2019s Superhit \u201ePower of Love\u201c interpretiert.\u201c \u201eIm letzten Teil zeigte Thieke zusammen mit dem Orchester eine weitere Kostprobe ihrer Sangeskunst. Bette Middlers \u201eThe Rose\u201c war in der Kombination ein tolles Erlebnis. F\u00fcr das Konzert gab es vom Publikum gro\u00dfen Beifall.\u201c Braunschweiger Zeitung [&hellip;]<\/p>\n","protected":false},"author":1,"featured_media":0,"parent":0,"menu_order":0,"comment_status":"closed","ping_status":"closed","template":"","meta":[],"_links":{"self":[{"href":"https:\/\/gesang-zu-jedem-anlass.de\/index.php?rest_route=\/wp\/v2\/pages\/33"}],"collection":[{"href":"https:\/\/gesang-zu-jedem-anlass.de\/index.php?rest_route=\/wp\/v2\/pages"}],"about":[{"href":"https:\/\/gesang-zu-jedem-anlass.de\/index.php?rest_route=\/wp\/v2\/types\/page"}],"author":[{"embeddable":true,"href":"https:\/\/gesang-zu-jedem-anlass.de\/index.php?rest_route=\/wp\/v2\/users\/1"}],"replies":[{"embeddable":true,"href":"https:\/\/gesang-zu-jedem-anlass.de\/index.php?rest_route=%2Fwp%2Fv2%2Fcomments&post=33"}],"version-history":[{"count":1,"href":"https:\/\/gesang-zu-jedem-anlass.de\/index.php?rest_route=\/wp\/v2\/pages\/33\/revisions"}],"predecessor-version":[{"id":34,"href":"https:\/\/gesang-zu-jedem-anlass.de\/index.php?rest_route=\/wp\/v2\/pages\/33\/revisions\/34"}],"wp:attachment":[{"href":"https:\/\/gesang-zu-jedem-anlass.de\/index.php?rest_route=%2Fwp%2Fv2%2Fmedia&parent=33"}],"curies":[{"name":"wp","href":"https:\/\/api.w.org\/{rel}","templated":true}]}}