{"id":31,"date":"2019-02-08T09:46:46","date_gmt":"2019-02-08T09:46:46","guid":{"rendered":"http:\/\/gesang-zu-jedem-anlass.de\/?page_id=31"},"modified":"2019-02-08T09:46:46","modified_gmt":"2019-02-08T09:46:46","slug":"gesang","status":"publish","type":"page","link":"https:\/\/gesang-zu-jedem-anlass.de\/?page_id=31","title":{"rendered":"Gesang"},"content":{"rendered":"<p>Gesang zu jedem Anlass?<\/p>\n<p>Egal ob Taufe, Hochzeit, Geburtstag, Trauerfeier, Firmenfeier, Jubil\u00e4um, Stadt- oder Dorffest, Live-Gesang passt immer, auch gerne als gesungenes Telegramm z.B. zum Hochzeitstag.<\/p>\n<p>Machen Sie Ihre Feier zu etwas ganz Besonderem. Verzaubern Sie Ihre G\u00e4ste mit Live-Gesang und erleben Sie so die sch\u00f6nsten Melodien aus verschiedenen Genres wie: Musical, Klassik, Schlager, Gospel, Rock und Pop.<\/p>\n<p>Sie finden in den einzelnen Themenbereichen bereits Liedvorschl\u00e4ge. Sollte Ihr Wunschlied nicht dabei sein, dann nehmen Sie bitte Kontakt mit mir auf und \u00e4u\u00dfern Sie ihre W\u00fcnsche. Gern studiere ich Ihr Wunschlied ein, damit Ihre Feier zu einem unvergesslichen Erlebnis wird und Ihnen und Ihren G\u00e4sten noch lange in Erinnerung bleibt.<\/p>\n<p>Hochzeiten<br \/>\nSchlager<br \/>\nWeihnachten<\/p>\n","protected":false},"excerpt":{"rendered":"<p>Gesang zu jedem Anlass? Egal ob Taufe, Hochzeit, Geburtstag, Trauerfeier, Firmenfeier, Jubil\u00e4um, Stadt- oder Dorffest, Live-Gesang passt immer, auch gerne als gesungenes Telegramm z.B. zum Hochzeitstag. Machen Sie Ihre Feier zu etwas ganz Besonderem. Verzaubern Sie Ihre G\u00e4ste mit Live-Gesang und erleben Sie so die sch\u00f6nsten Melodien aus verschiedenen Genres wie: Musical, Klassik, Schlager, Gospel, [&hellip;]<\/p>\n","protected":false},"author":1,"featured_media":0,"parent":0,"menu_order":0,"comment_status":"closed","ping_status":"closed","template":"","meta":[],"_links":{"self":[{"href":"https:\/\/gesang-zu-jedem-anlass.de\/index.php?rest_route=\/wp\/v2\/pages\/31"}],"collection":[{"href":"https:\/\/gesang-zu-jedem-anlass.de\/index.php?rest_route=\/wp\/v2\/pages"}],"about":[{"href":"https:\/\/gesang-zu-jedem-anlass.de\/index.php?rest_route=\/wp\/v2\/types\/page"}],"author":[{"embeddable":true,"href":"https:\/\/gesang-zu-jedem-anlass.de\/index.php?rest_route=\/wp\/v2\/users\/1"}],"replies":[{"embeddable":true,"href":"https:\/\/gesang-zu-jedem-anlass.de\/index.php?rest_route=%2Fwp%2Fv2%2Fcomments&post=31"}],"version-history":[{"count":1,"href":"https:\/\/gesang-zu-jedem-anlass.de\/index.php?rest_route=\/wp\/v2\/pages\/31\/revisions"}],"predecessor-version":[{"id":32,"href":"https:\/\/gesang-zu-jedem-anlass.de\/index.php?rest_route=\/wp\/v2\/pages\/31\/revisions\/32"}],"wp:attachment":[{"href":"https:\/\/gesang-zu-jedem-anlass.de\/index.php?rest_route=%2Fwp%2Fv2%2Fmedia&parent=31"}],"curies":[{"name":"wp","href":"https:\/\/api.w.org\/{rel}","templated":true}]}}