{"id":29,"date":"2019-02-08T09:46:18","date_gmt":"2019-02-08T09:46:18","guid":{"rendered":"http:\/\/gesang-zu-jedem-anlass.de\/?page_id=29"},"modified":"2019-02-08T09:46:18","modified_gmt":"2019-02-08T09:46:18","slug":"freie-trauungen","status":"publish","type":"page","link":"https:\/\/gesang-zu-jedem-anlass.de\/?page_id=29","title":{"rendered":"Freie Trauungen"},"content":{"rendered":"<p>Eine freie Trauung ist emotional und ganz individuell, doch ersetzt eine freie Trauung nicht den Weg ins Standesamt, denn eine Ehe ist vor dem Gesetzt nur g\u00fcltig, wenn sie von einem Standesbeamten beglaubigt wurde und man laut und deutlich &#8222;Ja&#8220; gesagt hat.<\/p>\n<p>Eine freie Trauung wird deshalb von Paaren genutzt, die sich mehr als nur eine standesamtliche Trauung w\u00fcnschen, aber keinen religi\u00f6sen Rahmen ben\u00f6tigen, weil sie vielleicht nicht in der Kirche sind. Paare, die ihre Zeremonie gern mitbestimmen m\u00f6chten und Ideen haben, was am sch\u00f6nsten Tag in ihrem Leben passieren soll. Paare, die nicht so konventionell heiraten m\u00f6chten, sondern so, wie es ihrem Naturell entspricht. Hier sind Konfessionen oder sexuelle Vorlieben total egal. Wichtig ist der pers\u00f6nliche Touch den wir mit einbringen k\u00f6nnen.<\/p>\n<p>Eine freie Trauung ist deshalb so individuell, wie auch die Menschen, die vor mir als Rednerin sitzen. Und keine Trauung gleicht der Anderen. Das Paar \u00e4u\u00dfert seine W\u00fcnsche und Vorstellungen und die Zeremonie wird ganz nach ihren Vorstellungen erstellt. Ideen des Paares flie\u00dfen somit direkt in das Traugeschehen ein und machen es zu etwas Einzigartigem.<\/p>\n<p>Im Vorgespr\u00e4ch lerne ich das Paar pers\u00f6nlich kennen und spreche mit Ihnen alles ab. Wir k\u00f6nnen uns aus verschiedenen Bausteinen bedienen die ich mir erarbeitet habe, aber ich freue mich auch immer, wenn mir die Paare neue Anregungen liefern.<\/p>\n<p>Auch verschiedene Rituale erfreuen sich immer gr\u00f6\u00dfter Beliebtheit. Die Ringwanderung, die Hochzeitskerze oder das Sandritual werden gern genutzt, um der Liebe und der Verbundenheit Ausdruck zu verleihen oder aber auch G\u00e4ste und nahe Verwandte mit einzuschlie\u00dfen und ihnen zu zeigen, dass dem Brautpaar die Anwesenheit dieser Menschen wichtig ist.<\/p>\n<p>Aber das sch\u00f6nste an der freien Trauung sind immer die selbstgeschriebenen Gel\u00f6bnisse, die nach dem Ringtausch vorgetragen werden<\/p>\n<p>In mir findet ihr eine tolle, offene und spontane Rednerin, die sogar noch den Gesang zur Trauung mit anbietet. Au\u00dferdem biete ich meine Trauungen in ganz verschiedenen Stilen an. Nat\u00fcrlich sehr klassisch zum Thema Liebe und Verbundenheit, aber auch mittelalterlich, sehr spirituell oder aber auch, wenn ihr etwas Besonderes zu einer runden Trauung sucht, als gr\u00fcne Hexe. Durch meine N\u00e4he zum Harz lag es nah, auch etwas in dieser Richtung mit anzubieten und das hat nichts mit irgendetwas Okkultem zu tun, sondern ist einfach nur ein &#8222;Gag&#8220; f\u00fcr Leute die sich im Harz trauen wollen.<\/p>\n<p>Jedes Paar bekommt ein ganz individuelles Angebot zu ihrer Trauung und kann sich dann entscheiden. Ihr bekommt eure komplette Rede von mir in einer gebundenen Fassung, um sie euch sp\u00e4ter noch mal in Ruhe anzusehen. Au\u00dferdem erhaltet ihr eine Urkunde zum sch\u00f6nsten Tag in eurem Leben. Alles weitere nach Absprache.<\/p>\n<p>Eine Vielzahl von Ritualen runden die Trauung ab. Ich habe ganz viele f\u00fcr euch vorbereitet und berate euch gern. Hier nur ein paar Schl\u00fcsselw\u00f6rter dazu, was es im Einzelnen ist, das erkl\u00e4re ich gern:<\/p>\n<p>Rituale k\u00f6nnen sein:&nbsp; Handfasting (Handbinden), Sandritual, Feuerritual, Gew\u00fcrzritual, Hochzeitskerze, Ringwanderung, Ringsuche und einiges mehr. Ihr habt auch Ideen? Dann her damit<\/p>\n<p>Lust zu heiraten? &#8211; dann schreibt mich einfach an.<\/p>\n","protected":false},"excerpt":{"rendered":"<p>Eine freie Trauung ist emotional und ganz individuell, doch ersetzt eine freie Trauung nicht den Weg ins Standesamt, denn eine Ehe ist vor dem Gesetzt nur g\u00fcltig, wenn sie von einem Standesbeamten beglaubigt wurde und man laut und deutlich &#8222;Ja&#8220; gesagt hat. Eine freie Trauung wird deshalb von Paaren genutzt, die sich mehr als nur [&hellip;]<\/p>\n","protected":false},"author":1,"featured_media":0,"parent":0,"menu_order":0,"comment_status":"closed","ping_status":"closed","template":"","meta":[],"_links":{"self":[{"href":"https:\/\/gesang-zu-jedem-anlass.de\/index.php?rest_route=\/wp\/v2\/pages\/29"}],"collection":[{"href":"https:\/\/gesang-zu-jedem-anlass.de\/index.php?rest_route=\/wp\/v2\/pages"}],"about":[{"href":"https:\/\/gesang-zu-jedem-anlass.de\/index.php?rest_route=\/wp\/v2\/types\/page"}],"author":[{"embeddable":true,"href":"https:\/\/gesang-zu-jedem-anlass.de\/index.php?rest_route=\/wp\/v2\/users\/1"}],"replies":[{"embeddable":true,"href":"https:\/\/gesang-zu-jedem-anlass.de\/index.php?rest_route=%2Fwp%2Fv2%2Fcomments&post=29"}],"version-history":[{"count":1,"href":"https:\/\/gesang-zu-jedem-anlass.de\/index.php?rest_route=\/wp\/v2\/pages\/29\/revisions"}],"predecessor-version":[{"id":30,"href":"https:\/\/gesang-zu-jedem-anlass.de\/index.php?rest_route=\/wp\/v2\/pages\/29\/revisions\/30"}],"wp:attachment":[{"href":"https:\/\/gesang-zu-jedem-anlass.de\/index.php?rest_route=%2Fwp%2Fv2%2Fmedia&parent=29"}],"curies":[{"name":"wp","href":"https:\/\/api.w.org\/{rel}","templated":true}]}}