{"id":27,"date":"2019-02-08T09:45:32","date_gmt":"2019-02-08T09:45:32","guid":{"rendered":"http:\/\/gesang-zu-jedem-anlass.de\/?page_id=27"},"modified":"2019-02-08T09:45:32","modified_gmt":"2019-02-08T09:45:32","slug":"entertainment","status":"publish","type":"page","link":"https:\/\/gesang-zu-jedem-anlass.de\/?page_id=27","title":{"rendered":"Entertainment"},"content":{"rendered":"<p>Sie ben\u00f6tigen f\u00fcr Ihre Feier noch eine Moderation? Ich moderiere locker und kompetent zugleich, gehe auf Ihre G\u00e4ste nett und sympathisch ein und erwecke auch trockenen Stoff zum Leben. Ob Firmenjubil\u00e4um, Messepr\u00e4sentationen oder Stadtfeste, ich finde die richtigen Worte und biete damit eine gute Mischung aus Unterhaltung und Information. Sie k\u00f6nnen gern auch das Gesamtpaket aus Moderation und Show buchen. Fragen Sie einfach nach.<\/p>\n<p>Au\u00dferdem k\u00f6nnen Sie bei mir noch folgende Events buchen:<br \/>\n&#8211; Lagerfeuergesang mit Gitarre<br \/>\n&#8211; Jugendweihe<br \/>\n&#8211; Weihnachtsevent f\u00fcr Firmen (The Big Bad Santa)<br \/>\n&#8211; Kinderschminken und Kindergeburtstage<br \/>\n&#8211; Walkacts<br \/>\nFordern Sie doch einfach meine Preisliste an und schauen Sie, welche tollen Programme ich f\u00fcr Sie erstellt habe<\/p>\n","protected":false},"excerpt":{"rendered":"<p>Sie ben\u00f6tigen f\u00fcr Ihre Feier noch eine Moderation? Ich moderiere locker und kompetent zugleich, gehe auf Ihre G\u00e4ste nett und sympathisch ein und erwecke auch trockenen Stoff zum Leben. Ob Firmenjubil\u00e4um, Messepr\u00e4sentationen oder Stadtfeste, ich finde die richtigen Worte und biete damit eine gute Mischung aus Unterhaltung und Information. Sie k\u00f6nnen gern auch das Gesamtpaket [&hellip;]<\/p>\n","protected":false},"author":1,"featured_media":0,"parent":0,"menu_order":0,"comment_status":"closed","ping_status":"closed","template":"","meta":[],"_links":{"self":[{"href":"https:\/\/gesang-zu-jedem-anlass.de\/index.php?rest_route=\/wp\/v2\/pages\/27"}],"collection":[{"href":"https:\/\/gesang-zu-jedem-anlass.de\/index.php?rest_route=\/wp\/v2\/pages"}],"about":[{"href":"https:\/\/gesang-zu-jedem-anlass.de\/index.php?rest_route=\/wp\/v2\/types\/page"}],"author":[{"embeddable":true,"href":"https:\/\/gesang-zu-jedem-anlass.de\/index.php?rest_route=\/wp\/v2\/users\/1"}],"replies":[{"embeddable":true,"href":"https:\/\/gesang-zu-jedem-anlass.de\/index.php?rest_route=%2Fwp%2Fv2%2Fcomments&post=27"}],"version-history":[{"count":1,"href":"https:\/\/gesang-zu-jedem-anlass.de\/index.php?rest_route=\/wp\/v2\/pages\/27\/revisions"}],"predecessor-version":[{"id":28,"href":"https:\/\/gesang-zu-jedem-anlass.de\/index.php?rest_route=\/wp\/v2\/pages\/27\/revisions\/28"}],"wp:attachment":[{"href":"https:\/\/gesang-zu-jedem-anlass.de\/index.php?rest_route=%2Fwp%2Fv2%2Fmedia&parent=27"}],"curies":[{"name":"wp","href":"https:\/\/api.w.org\/{rel}","templated":true}]}}