{"id":25,"date":"2019-02-08T09:44:32","date_gmt":"2019-02-08T09:44:32","guid":{"rendered":"http:\/\/gesang-zu-jedem-anlass.de\/?page_id=25"},"modified":"2019-02-08T09:44:32","modified_gmt":"2019-02-08T09:44:32","slug":"anlaesse","status":"publish","type":"page","link":"https:\/\/gesang-zu-jedem-anlass.de\/?page_id=25","title":{"rendered":"Anl\u00e4sse"},"content":{"rendered":"<p>Sie m\u00f6chten Ihrer Feier\/Veranstaltung einen ganz besonderen Rahmen verleihen?<br \/>\nGerne gestalte ich auch Ihre Festlichkeit musikalisch.<\/p>\n<p>Ob zur Trauung, zum Heiratsantrag, zum Hochzeits-Jubil\u00e4um (z.B. auch in der Kirche zum Gottesdienst), zur Taufe, bei einer Geburtstagsfeier (z.B. auch als \u00dcberraschung), bei einem privaten Konzert, bei einer gesch\u00e4ftlichen oder \u00f6ffentlichen Feier. G\u00f6nnen Sie sich und Ihren G\u00e4sten dieses besondere musikalische Erlebnis. Gerne gehe ich auf Ihre W\u00fcnsche ein und stelle Ihnen f\u00fcr Ihre Feier ein passendes und individuelles Programm zusammen.<\/p>\n<p>Ich freue mich \u00fcber Ihre Kontaktaufnahme.<\/p>\n","protected":false},"excerpt":{"rendered":"<p>Sie m\u00f6chten Ihrer Feier\/Veranstaltung einen ganz besonderen Rahmen verleihen? Gerne gestalte ich auch Ihre Festlichkeit musikalisch. Ob zur Trauung, zum Heiratsantrag, zum Hochzeits-Jubil\u00e4um (z.B. auch in der Kirche zum Gottesdienst), zur Taufe, bei einer Geburtstagsfeier (z.B. auch als \u00dcberraschung), bei einem privaten Konzert, bei einer gesch\u00e4ftlichen oder \u00f6ffentlichen Feier. G\u00f6nnen Sie sich und Ihren G\u00e4sten [&hellip;]<\/p>\n","protected":false},"author":1,"featured_media":0,"parent":0,"menu_order":0,"comment_status":"closed","ping_status":"closed","template":"","meta":[],"_links":{"self":[{"href":"https:\/\/gesang-zu-jedem-anlass.de\/index.php?rest_route=\/wp\/v2\/pages\/25"}],"collection":[{"href":"https:\/\/gesang-zu-jedem-anlass.de\/index.php?rest_route=\/wp\/v2\/pages"}],"about":[{"href":"https:\/\/gesang-zu-jedem-anlass.de\/index.php?rest_route=\/wp\/v2\/types\/page"}],"author":[{"embeddable":true,"href":"https:\/\/gesang-zu-jedem-anlass.de\/index.php?rest_route=\/wp\/v2\/users\/1"}],"replies":[{"embeddable":true,"href":"https:\/\/gesang-zu-jedem-anlass.de\/index.php?rest_route=%2Fwp%2Fv2%2Fcomments&post=25"}],"version-history":[{"count":1,"href":"https:\/\/gesang-zu-jedem-anlass.de\/index.php?rest_route=\/wp\/v2\/pages\/25\/revisions"}],"predecessor-version":[{"id":26,"href":"https:\/\/gesang-zu-jedem-anlass.de\/index.php?rest_route=\/wp\/v2\/pages\/25\/revisions\/26"}],"wp:attachment":[{"href":"https:\/\/gesang-zu-jedem-anlass.de\/index.php?rest_route=%2Fwp%2Fv2%2Fmedia&parent=25"}],"curies":[{"name":"wp","href":"https:\/\/api.w.org\/{rel}","templated":true}]}}